{"id":157,"date":"2022-06-14T00:20:51","date_gmt":"2022-06-13T22:20:51","guid":{"rendered":"http:\/\/wordpress5.sr-formation.fr\/?post_type=product&#038;p=157"},"modified":"2022-06-20T15:25:13","modified_gmt":"2022-06-20T13:25:13","slug":"miel-de-manuka-bio","status":"publish","type":"product","link":"https:\/\/wordpress5.sr-formation.fr\/index.php\/produit\/miel-de-manuka-bio\/","title":{"rendered":"Miel de Manuka Bio"},"content":{"rendered":"<h1><img loading=\"lazy\" decoding=\"async\" class=\"alignnone size-full wp-image-158\" src=\"http:\/\/wordpress5.sr-formation.fr\/wp-content\/uploads\/2022\/06\/MIEL-DE-MANUKA.jpg\" alt=\"MIEL\" width=\"208\" height=\"243\" \/><\/h1>\n<h1>Dr.Theiss<\/h1>\n<div class=\"container_pm actif\">\n<div class=\"text_mark_pm\">Dr.Theiss Naturwaren fabrique et distribue des produits inspir\u00e9s par la nature, une large gamme de produits naturels et bio, cosm\u00e9tiques et compl\u00e9ments alimentaires pour votre bien-\u00eatre. DR. THEISS NATURWAREN fabrique et distribue des produits inspir\u00e9s par la nature, une large gamme de produits naturels, cosm\u00e9tiques et compl\u00e9ments alimentaires pour votre bien-\u00eatre.<\/div>\n<div class=\"text_mark_pm\"><\/div>\n<div class=\"text_mark_pm\">La soci\u00e9t\u00e9 DR. THEISS NATURWAREN est la filiale fran\u00e7aise du groupe allemand Naturwaren GmbH situ\u00e9e \u00e0 Homburg. C&rsquo;est en 1978 que le pharmacien Dr.Theiss, en collaboration avec sa femme naturopathe, se sont attel\u00e9s \u00e0 fabriquer l&rsquo;\u00c9lixir du Su\u00e9dois et des produits dont le principe actif pr\u00e9pond\u00e9rant est l&rsquo;extrait de calendula (ou souci).<\/div>\n<div class=\"text_mark_pm\"><\/div>\n<div class=\"text_mark_pm\">Trente ans apr\u00e8s, Naturwaren GmbH est aujourd&rsquo;hui le premier fabriquant mondial d&rsquo;\u00c9lixir du Su\u00e9dois et de produits cosm\u00e9tiques \u00e0 base d&rsquo;extraits de fleur de calendula. C&rsquo;est \u00e9galement la soci\u00e9t\u00e9 qui a r\u00e9alis\u00e9 les recherches les plus pouss\u00e9s sur le calendula et elle poss\u00e8de aujourd&rsquo;hui un brevet d\u00e9pos\u00e9 pour la production de l&rsquo;esp\u00e8ce contenant le plus de principes actifs ! Lors de la production, on veille \u00e0 la puret\u00e9 des produits et on exclu de la composition des produits :<\/div>\n<div class=\"text_mark_pm\">\n<ul>\n<li>les extraits d&rsquo;origine animale<\/li>\n<li>les colorants chimiques, les conservateurs et parfums chimiques<\/li>\n<\/ul>\n<\/div>\n<div class=\"text_mark_pm\">Dr.Theiss Naturwaren, est la filiale fran\u00e7aise en charge de la distribution de ces produits de grande qualit\u00e9. Elle met \u00e0 votre disposition une \u00e9quipe dynamique, perp\u00e9tuellement \u00e0 la recherche de nouveaux produits aupr\u00e8s de divers fournisseurs s\u00e9rieusement s\u00e9lectionn\u00e9s, pour vous fournir plus de nouveaut\u00e9s et de qualit\u00e9.<\/div>\n<\/div>\n","protected":false},"excerpt":{"rendered":"<p>Dr.Theiss Dr.Theiss Naturwaren fabrique et distribue des produits inspir\u00e9s par la nature, une large gamme de produits naturels et bio, cosm\u00e9tiques et compl\u00e9ments alimentaires pour votre bien-\u00eatre. DR. THEISS NATURWAREN fabrique et distribue des produits inspir\u00e9s par la nature, une large gamme de produits naturels, cosm\u00e9tiques et compl\u00e9ments alimentaires pour votre bien-\u00eatre. La soci\u00e9t\u00e9 DR.&hellip;&nbsp;<a href=\"https:\/\/wordpress5.sr-formation.fr\/index.php\/produit\/miel-de-manuka-bio\/\" class=\"\" rel=\"bookmark\">Lire la suite &raquo;<span class=\"screen-reader-text\">Miel de Manuka Bio<\/span><\/a><\/p>\n","protected":false},"featured_media":0,"comment_status":"open","ping_status":"closed","template":"","meta":{"neve_meta_sidebar":"","neve_meta_container":"","neve_meta_enable_content_width":"off","neve_meta_content_width":100,"neve_meta_title_alignment":"","neve_meta_author_avatar":"","neve_post_elements_order":"","neve_meta_disable_header":"","neve_meta_disable_footer":"","neve_meta_disable_title":""},"product_cat":[22],"product_tag":[],"class_list":["post-157","product","type-product","status-publish","hentry","product_cat-apitherapie"],"_links":{"self":[{"href":"https:\/\/wordpress5.sr-formation.fr\/index.php\/wp-json\/wp\/v2\/product\/157","targetHints":{"allow":["GET"]}}],"collection":[{"href":"https:\/\/wordpress5.sr-formation.fr\/index.php\/wp-json\/wp\/v2\/product"}],"about":[{"href":"https:\/\/wordpress5.sr-formation.fr\/index.php\/wp-json\/wp\/v2\/types\/product"}],"replies":[{"embeddable":true,"href":"https:\/\/wordpress5.sr-formation.fr\/index.php\/wp-json\/wp\/v2\/comments?post=157"}],"wp:attachment":[{"href":"https:\/\/wordpress5.sr-formation.fr\/index.php\/wp-json\/wp\/v2\/media?parent=157"}],"wp:term":[{"taxonomy":"product_cat","embeddable":true,"href":"https:\/\/wordpress5.sr-formation.fr\/index.php\/wp-json\/wp\/v2\/product_cat?post=157"},{"taxonomy":"product_tag","embeddable":true,"href":"https:\/\/wordpress5.sr-formation.fr\/index.php\/wp-json\/wp\/v2\/product_tag?post=157"}],"curies":[{"name":"wp","href":"https:\/\/api.w.org\/{rel}","templated":true}]}}